{"id":6435,"date":"2016-03-28T12:04:38","date_gmt":"2016-03-28T10:04:38","guid":{"rendered":"http:\/\/www.mandoisland.com\/?page_id=6435"},"modified":"2017-10-08T11:29:07","modified_gmt":"2017-10-08T09:29:07","slug":"songbook-choro-97-choros-to-discover-brazilian-choro-music","status":"publish","type":"page","link":"https:\/\/www.mandoisland.com\/?page_id=6435","title":{"rendered":"Songbook Choro &#8211; 97 Choros to discover Brazilian Choro Music"},"content":{"rendered":"<h2>Choro Songbook 1 &#8211; Almir Chediak<\/h2>\n<p><strong>Songbook Choro 1<\/strong> is a compilation of <strong>97 choros<\/strong> which is great to discover the Choro Music of Brazil. I am trying to write a post with a youtube playlist for all 97 choros in this book.<\/p>\n<p>This is an ongoing project and will take some time to complete. I am adding the links to my posts whenever I am adding something new, in the meantime I am also adding links to playlists for the choros.<\/p>\n<p>01 A Ginga do Mane &#8211;\u00a0Jacob do Bandolim<\/p>\n<ul>\n<li id=\"post-1776\"><a title=\"Permanent Link to Songbook Choro \u2013 A GINGA DO MAN\u00c9 (JACOB DO BANDOLIM) \u2013 Viol\u00e3o Tenor\" href=\"http:\/\/www.mandoisland.com\/?p=1776\" rel=\"bookmark\">Songbook Choro \u2013 A GINGA DO MAN\u00c9 (JACOB DO BANDOLIM) \u2013 Viol\u00e3o Tenor<\/a><\/li>\n<\/ul>\n<p>02 A Vida \u00e9 um Buraco &#8211;\u00a0Pixinguinha<\/p>\n<ul>\n<li><a title=\"Permanent Link: Songbook Choro 2 \u2013 A Vida \u00e9 um Buraco \u2013 Pixinguinha\" href=\"http:\/\/www.mandoisland.com\/?p=6448\" rel=\"bookmark\">Songbook Choro 2 \u2013 A Vida \u00e9 um Buraco \u2013 Pixinguinha<\/a><\/li>\n<\/ul>\n<p>03 Aguenta Seu Fulg\u00eancio &#8211;\u00a0Louren\u00e7o Lamartine e Jacob do Bandolim<\/p>\n<ul>\n<li><a title=\"Permanent Link: Songbook Choro 3 \u2013 Aguenta seu Fulg\u00eancio (Louren\u00e7o Lamartine \/Jacob do Bandolim)\" href=\"http:\/\/www.mandoisland.com\/?p=7007\" rel=\"bookmark\">Songbook Choro 3 \u2013 Aguenta seu Fulg\u00eancio (Louren\u00e7o Lamartine \/Jacob do Bandolim)<\/a><\/li>\n<\/ul>\n<p>04 Alma Brasileira &#8211;\u00a0Fernando Magalh\u00e3es (<a href=\"https:\/\/www.youtube.com\/playlist?list=PLC878J8mcBo9GGUmA6wHeYqWJHsMl-Hew\" target=\"_blank\" rel=\"noopener noreferrer\">Playlist<\/a>)<br \/>\n05 Alvorada &#8211;\u00a0Jacob do Bandolim<\/p>\n<ul>\n<li><a title=\"Permanent Link to Alvorada \u2013 Ein Choro von Jacob do Bandolim\" href=\"http:\/\/www.gezupftes.de\/?p=10236\" rel=\"bookmark\">Alvorada \u2013 Ein Choro von Jacob do Bandolim<\/a><\/li>\n<\/ul>\n<p>06 Amigo bandolim &#8211;\u00a0Crist\u00f3v\u00e3o Bastos<br \/>\n07 Amor n\u00e3o se Compra &#8211;\u00a0Bonfiglio de Oliveira (<a href=\"https:\/\/www.youtube.com\/playlist?list=PL15C3F57918F6EF7A\" target=\"_blank\" rel=\"noopener noreferrer\">Playlist<\/a>)<br \/>\n08 Ano novo &#8211;\u00a0Rildo Hora (<a href=\"https:\/\/www.youtube.com\/playlist?list=PLC878J8mcBo_sCm1qULUhGfoa2zT42XaP\" target=\"_blank\" rel=\"noopener noreferrer\">Playlist<\/a>)<br \/>\n09 Apanhei-te Cavaquinho &#8211;\u00a0Ernesto Nazareth (<a href=\"https:\/\/www.youtube.com\/playlist?list=PLE610B427B15F70E1\" target=\"_blank\" rel=\"noopener noreferrer\">Playlist<\/a>)<br \/>\n10 Araponga &#8211;\u00a0Luiz Gonzaga (<a href=\"https:\/\/www.youtube.com\/playlist?list=PLC878J8mcBo8ltO_27hDCmzl9pxTsKjA4\" target=\"_blank\" rel=\"noopener noreferrer\">Playlist<\/a>)<br \/>\n11 Assanhado &#8211;\u00a0Jacob do Bandolim (<a href=\"https:\/\/www.youtube.com\/playlist?list=PLC878J8mcBo87jhs0uTTuRvvzJFuFM2aK\" target=\"_blank\" rel=\"noopener noreferrer\">Playlist<\/a>)<br \/>\n12 Atl\u00e2ntico &#8211;\u00a0Ernesto Nazareth (<a href=\"https:\/\/www.youtube.com\/playlist?list=PLC878J8mcBo8DGWPHIMCrdSEqszLeXyyf\" target=\"_blank\" rel=\"noopener noreferrer\">Playlist<\/a>)<br \/>\n13 Atraente &#8211;\u00a0Chiquinha Gonzaga (<a href=\"https:\/\/www.youtube.com\/playlist?list=PLC878J8mcBo_j-G713W08J9ZS4DkTu7ID\" target=\"_blank\" rel=\"noopener noreferrer\">Playlist<\/a>)<br \/>\n14 Beliscando &#8211;\u00a0Paulinho da Viola (<a href=\"https:\/\/www.youtube.com\/playlist?list=PLC878J8mcBo9j7Kdgp-oPpIPCrJaQq5iR\" target=\"_blank\" rel=\"noopener noreferrer\">Playlist<\/a>)<br \/>\n15 Benzinho &#8211;\u00a0Jacob do Bandolim<\/p>\n<ul>\n<li><a title=\"Permanent Link: Benzinho \u2013 A Great Choro by Jacob do Bandolim\" href=\"http:\/\/www.mandoisland.com\/?p=901\" rel=\"bookmark\">Benzinho \u2013 A Great Choro by Jacob do Bandolim<\/a><\/li>\n<\/ul>\n<p>16 Bole-bole &#8211;\u00a0Jacob do Bandolim (<a href=\"https:\/\/www.youtube.com\/playlist?list=PLC878J8mcBo8yMWV-IT5FVQZV21iEtQpD\" target=\"_blank\" rel=\"noopener noreferrer\">Playlist<\/a>)<br \/>\n17 Boneca &#8211;\u00a0Benedito Lacerda<br \/>\n18 Bonicrates de Muletas &#8211;\u00a0Biliano e Jacob do Bandolim<br \/>\n19 Cad\u00eancia &#8211;\u00a0Juventino Maciel<br \/>\n20 Caminhando &#8211;\u00a0Nelson Cavaquinho e Norival Bahia<br \/>\n21 Canarinho Teimoso &#8211;\u00a0Altamiro Carrilho<br \/>\n22 Carinhoso &#8211;\u00a0Pixinguinha<br \/>\n23 Carioca No.\u00a01 &#8211;\u00a0Nicanor Teixeira<br \/>\n24 Cem Anos de Choro &#8211;\u00a0Capiba (<a href=\"https:\/\/www.youtube.com\/playlist?list=PLC878J8mcBo9Kzz4GIItumep5-VFQbS_M\" target=\"_blank\" rel=\"noopener noreferrer\">Playlist<\/a>)<br \/>\n25 Chorando pra Pixinguinha &#8211;\u00a0Toquinho<br \/>\n26 Chorinho do Sovaco de Cobra &#8211;\u00a0Abel Ferreira<br \/>\n27 Chorinho na Gafieira &#8211;\u00a0Astor Silva (<a href=\"https:\/\/www.youtube.com\/playlist?list=PLC878J8mcBo-__1I2JRpT5SozPi2WtpXZ\" target=\"_blank\" rel=\"noopener noreferrer\">Playlist<\/a>)<br \/>\n28 Chorinho pra Voc\u00ea &#8211;\u00a0Severino Ara\u00fajo (<a href=\"https:\/\/www.youtube.com\/playlist?list=PLC878J8mcBo-UajwKWcWnAbCGpyb7oAeL\" target=\"_blank\" rel=\"noopener noreferrer\">Playlist<\/a>)<br \/>\n29 Choro de Mem\u00f3rias &#8211; Paulinho da Viola<br \/>\n30 Cochichando &#8211;\u00a0Pixinguinha (<a href=\"https:\/\/www.youtube.com\/playlist?list=PLC878J8mcBo9lpQq7YFioO7-8-IaNjt6p\" target=\"_blank\" rel=\"noopener noreferrer\">Playlist<\/a>)<br \/>\n31 Conversa de Botequim &#8211;\u00a0Vadico e Noel Rosa<br \/>\n32 De Cora\u00e7\u00e3o a Cora\u00e7\u00e3o &#8211;\u00a0Jacob do Bandolim (<a href=\"https:\/\/www.youtube.com\/playlist?list=PLC878J8mcBo915KPIahYuUkmhLdeKUwmk\" target=\"_blank\" rel=\"noopener noreferrer\">Playlist<\/a>)<br \/>\n33 De Limoeiro a Mossor\u00f3 &#8211;\u00a0Jacob do Bandolim<br \/>\n34 Dengoso &#8211;\u00a0Jo\u00e3o Pernambuco<br \/>\n35 Desvairada &#8211;\u00a0Garoto<\/p>\n<ul>\n<li id=\"post-3781\"><a title=\"Permanent Link to Desvairada \u2013 A Great Choro by Garoto (Anibal Augusto Sardinha)\" href=\"http:\/\/www.mandoisland.com\/?p=3781\" rel=\"bookmark\">Desvairada \u2013 A Great Choro by Garoto (Anibal Augusto Sardinha)<\/a><\/li>\n<\/ul>\n<p>36 Diabinho Maluco &#8211;\u00a0Jacob do Bandolim (<a href=\"https:\/\/www.youtube.com\/playlist?list=PL2523068952A581FF\" target=\"_blank\" rel=\"noopener noreferrer\">Playlist<\/a>)<br \/>\n37 Dinorah &#8211;\u00a0Benedito Lacerda<br \/>\n38 Displicente &#8211;\u00a0Pixinguinha<br \/>\n39 Do Sorriso das Mulheres Nasceram as Flores &#8211;\u00a0Eduardo Souto<br \/>\n40 Doce de C\u00f4co &#8211;\u00a0Jacob do Bandolim (<a href=\"https:\/\/www.youtube.com\/playlist?list=PL8DEBF7008831B09A\" target=\"_blank\" rel=\"noopener noreferrer\">Playlist<\/a>)<br \/>\n41 Doutor Sabe Tudo &#8211;\u00a0Dilermando Reis (<a href=\"https:\/\/www.youtube.com\/playlist?list=PLDF409C43EB19DA9D\" target=\"_blank\" rel=\"noopener noreferrer\">Playlist<\/a>)<br \/>\n42 Enigm\u00e1tico &#8211;\u00a0Altamiro Carrilho (<a href=\"https:\/\/www.youtube.com\/playlist?list=PLC878J8mcBo9WewatLYfHN7rXWEdc6lhh\" target=\"_blank\" rel=\"noopener noreferrer\">Playlist<\/a>)<br \/>\n43 Espinha de Bacalhau &#8211;\u00a0Severino Ara\u00fajo (<a href=\"https:\/\/www.youtube.com\/playlist?list=PL0AC515AB23E2F735\" target=\"_blank\" rel=\"noopener noreferrer\">Playlist<\/a>)<br \/>\n44 Eu quero \u00e9 Sossego &#8211;\u00a0K-Ximbinho Hianto de Almeida<br \/>\n45 Feiti\u00e7o &#8211;\u00a0Jacob do Bandolim<br \/>\n46 Flor Amorosa &#8211;\u00a0Joaquim Callado<br \/>\n47 Fogo na Roupa &#8211;\u00a0Altamiro Carrilho<br \/>\n48 Forr\u00f3 de Gala &#8211;\u00a0Jacob do Bandolim (<a href=\"https:\/\/www.youtube.com\/playlist?list=PL9B4E3848EB1D6DF9\" target=\"_blank\" rel=\"noopener noreferrer\">Playlist<\/a>)<br \/>\n49 Gad\u00fa Namorando &#8211;\u00a0Alcyr Pires Vermelho<br \/>\n50 Garoto &#8211;\u00a0Tom Jobim<br \/>\n51 Gl\u00f3ria &#8211;\u00a0Pixinguinha<br \/>\n52 Gra\u00fana &#8211;\u00a0Jo\u00e3o Pernambuco<br \/>\n53 Harmonia Selvagem &#8211;\u00a0Dante Santoro (<a href=\"https:\/\/www.youtube.com\/playlist?list=PLC878J8mcBo-RQDmPtQnx1khDcYZTMEWh\" target=\"_blank\" rel=\"noopener noreferrer\">Playlist<\/a>)<br \/>\n54 Haroldo no Choro &#8211;\u00a0Abel Ferreira<br \/>\n55 Implicante &#8211;\u00a0Jacob do Bandolim (<a href=\"https:\/\/www.youtube.com\/playlist?list=PLC878J8mcBo-_XhJFe1LqRqAoljkxYvXN\" target=\"_blank\" rel=\"noopener noreferrer\">Playlist<\/a>)<br \/>\n56 Inesquec\u00edvel &#8211;\u00a0Paulinho da Viola<br \/>\n57 L\u00edngua de Preto &#8211;\u00a0Honorino Lopes<br \/>\n58 Mimosa &#8211;\u00a0Jacob do Bandolim<br \/>\n59 Mistura e Manda &#8211;\u00a0Nelson Alves<br \/>\n60 Modulando &#8211;\u00a0Rubens Leal Brito<br \/>\n61 Murmurando &#8211;\u00a0Fon-Fon<\/p>\n<ul>\n<li><a title=\"Permanent Link: Songbook Choro \u2013 Murmurando by Otaviano Romeiro Monteiro \u2013 Fon-Fon (61)\" href=\"http:\/\/www.mandoisland.com\/?p=6512\" rel=\"bookmark\">Songbook Choro \u2013 Murmurando by Otaviano Romeiro Monteiro \u2013 Fon-Fon (61)<\/a><\/li>\n<\/ul>\n<p>62 O bom filho \u00e0 casa torna &#8211;\u00a0Bonfiglio de Oliveira<br \/>\n63 O voo da mosca &#8211;\u00a0Jacob do Bandolim<br \/>\n64 Odeon &#8211;\u00a0Ernesto Nazareth (<a href=\"https:\/\/www.youtube.com\/playlist?list=PLC878J8mcBo-WFVVbl25wSjdD5vgezaeu\" target=\"_blank\" rel=\"noopener noreferrer\">Playlist<\/a>)<br \/>\n65 Os Cinco Companheiros &#8211;\u00a0Pixinguinha (<a href=\"https:\/\/www.youtube.com\/playlist?list=PL88CFB204F010BFC2\" target=\"_blank\" rel=\"noopener noreferrer\">Playlist<\/a>)<br \/>\n66 Os tr\u00eas Chor\u00f5es &#8211;\u00a0Crist\u00f3v\u00e3o Bastos (<a href=\"https:\/\/www.youtube.com\/playlist?list=PL524A0861591EBB8D\" target=\"_blank\" rel=\"noopener noreferrer\">Playlist<\/a>)<br \/>\n67 Paciente &#8211;\u00a0Pixinguinha (<a href=\"https:\/\/www.youtube.com\/playlist?list=PL534A50BFDFE1C0EA\" target=\"_blank\" rel=\"noopener noreferrer\">Playlist<\/a>)<br \/>\n68 Paraquedista &#8211;\u00a0Jos\u00e9 Leoc\u00e1dio<br \/>\n69 Perspectivo &#8211;\u00a0Crist\u00f3v\u00e3o Bastos<br \/>\n70 Picadinho a Baiana &#8211;\u00a0Luperce Miranda (<a href=\"https:\/\/www.youtube.com\/playlist?list=PL23D2868ACE24D409\" target=\"_blank\" rel=\"noopener noreferrer\">Playlist<\/a>)<br \/>\n71 Quando me Lembro &#8211;\u00a0Luperce Miranda (<a href=\"https:\/\/www.youtube.com\/playlist?list=PL02E697340D583407\" target=\"_blank\" rel=\"noopener noreferrer\">Playlist<\/a>)<br \/>\n72 Quinta Valsa de Esquina &#8211;\u00a0Francisco Mignone<br \/>\n73 Radam\u00e9s y Pel\u00e9 &#8211;\u00a0Tom Jobim<br \/>\n74 Recado &#8211;\u00a0Rossini Ferreira<br \/>\n75 Receita de Samba &#8211;\u00a0Jacob do Bandolim<br \/>\n76 Remexendo &#8211;\u00a0Radam\u00e9s Ganattali<\/p>\n<ul>\n<li id=\"post-5115\"><a title=\"Permanent Link to Agradecendo \u2013 A Great Choro-Waltz by Pixinguinha\" href=\"http:\/\/www.mandoisland.com\/?p=5115\" rel=\"bookmark\">Agradecendo \u2013 A Great Choro-Waltz by Pixinguinha<\/a><\/li>\n<\/ul>\n<p>77 Revendo o Passado &#8211;\u00a0Feire J\u00fanior<\/p>\n<ul>\n<li id=\"post-3464\"><a title=\"Permanent Link to Songbook Choro \u2013 Revendo o Passado \u2013 A Great Choro Waltz by Freire J\u00fanior \u2013 Guitar, Mandolin, Clarinet, Voice, Cavaquinho, Trombone\" href=\"http:\/\/www.mandoisland.com\/?p=3464\" rel=\"bookmark\">Songbook Choro \u2013 Revendo o Passado \u2013 A Great Choro Waltz by Freire J\u00fanior \u2013 Guitar, Mandolin, Clarinet, Voice, Cavaquinho, Trombone<\/a><\/li>\n<\/ul>\n<p>78 Rio Antigo &#8211;\u00a0Altamiro Carrilho<br \/>\n79 Rosa &#8211;\u00a0Pixinguinha (<a href=\"https:\/\/www.youtube.com\/playlist?list=PL32E127695225DB38\" target=\"_blank\" rel=\"noopener noreferrer\">Playlist<\/a>)<br \/>\n80 Santa Morena &#8211;\u00a0Jacob do Bandolim (<a href=\"https:\/\/www.youtube.com\/playlist?list=PLC878J8mcBo85GZw6rEbqrJuzCok0KCqk\" target=\"_blank\" rel=\"noopener noreferrer\">Playlist<\/a>)<br \/>\n81 Sapeca &#8211;\u00a0Jacob do Bandolim<br \/>\n82 Sarau pra Radam\u00e9s &#8211;\u00a0Paulinho da Viola<br \/>\n83 Se ela perguntar &#8211;\u00a0Dilermando Reis (<a href=\"https:\/\/www.youtube.com\/playlist?list=PL6368AA1757F6006D\" target=\"_blank\" rel=\"noopener noreferrer\">Playlist<\/a>)<br \/>\n84 Sens\u00edvel &#8211;\u00a0Pixinguinha<br \/>\n85 Serpentina &#8211;\u00a0Nelson Alves<br \/>\n86 Sons de Carrilh\u00f5es &#8211;\u00a0Jo\u00e3o Pernambuco (<a href=\"https:\/\/www.youtube.com\/playlist?list=PLAC663499E4A8D0C6\" target=\"_blank\" rel=\"noopener noreferrer\">Playlist<\/a>)<br \/>\n87 Subindo ao C\u00e9u &#8211;\u00a0Aristides Borges<br \/>\n88 Tempo de Crian\u00e7a &#8211;\u00a0Dilermando Reis<br \/>\n89 Tira Poeira &#8211;\u00a0S\u00e1tiro Bilhar e Jacob do Bandolim (<a href=\"https:\/\/www.youtube.com\/playlist?list=PLB48513CE1320EE99\" target=\"_blank\" rel=\"noopener noreferrer\">Playlist<\/a>)<br \/>\n90 Turbilh\u00e3o de Beijos &#8211;\u00a0Ernesto Nazareth<br \/>\n91 Um Chorinho Diferente &#8211;\u00a0El Ga\u00facho e Ivonne Rebello<br \/>\n92 Um Chorinho em aldeia &#8211;\u00a0Severino Ara\u00fajo<br \/>\n93 Um Sarau para Rafael &#8211;\u00a0Paulinho da Viola<br \/>\n94 Urubu Malandro &#8211;\u00a0Loro e Jo\u00e3o Barro<br \/>\n95 Vale Tudo &#8211;\u00a0Jacob do Bandolim<br \/>\n96 Valsa sem Nome &#8211;\u00a0Baden Powell<\/p>\n<ul>\n<li id=\"post-3356\"><a title=\"Permanent Link to Baden Powell \u2013 Valsa Sem Nome \u2013 A Waltz for Dreaming\" href=\"http:\/\/www.mandoisland.com\/?p=3356\" rel=\"bookmark\">Baden Powell \u2013 Valsa Sem Nome \u2013 A Waltz for Dreaming<\/a><\/li>\n<\/ul>\n<p>97 Vibra\u00e7\u00f5es &#8211;\u00a0Jacob do Bandolim (<a href=\"https:\/\/www.youtube.com\/playlist?list=PLFFF153ED70FC76E5\" target=\"_blank\" rel=\"noopener noreferrer\">Playlist<\/a>)<\/p>\n<h2>Mandoisland<\/h2>\n<p>My page about Choros:<\/p>\n<ul>\n<li><a href=\"http:\/\/www.mandoisland.de\/eng_choro.html\" target=\"_blank\" rel=\"noopener noreferrer\">Mandoisland Choro<\/a><\/li>\n<\/ul>\n<h2>Beatsense<\/h2>\n<p>Listen to choro music with Beatsense &#8211; play the best youtube videos, just listen or add your own selections to the playlist:<\/p>\n<ul>\n<li><a href=\"http:\/\/www.beatsense.com\/choro\" target=\"_blank\" rel=\"noopener noreferrer\">http:\/\/www.beatsense.com\/choro<\/a><\/li>\n<\/ul>\n<h2>More Choro posts:<\/h2>\n<ul>\n<li><a title=\"Permanent Link: Brasileirinho \u2013 The Sound of Rio \u2013 A Film about the Choro by Mika Kaurism\u00e4ki\" href=\"http:\/\/www.mandoisland.com\/?p=5639\" rel=\"bookmark\">Brasileirinho \u2013 The Sound of Rio \u2013 A Film about the Choro by Mika Kaurism\u00e4ki<\/a><\/li>\n<\/ul>\n<h2>Amazon partnerlink<\/h2>\n<p><iframe loading=\"lazy\" style=\"width: 120px; height: 240px;\" src=\"\/\/ws-na.amazon-adsystem.com\/widgets\/q?ServiceVersion=20070822&amp;OneJS=1&amp;Operation=GetAdHtml&amp;MarketPlace=US&amp;source=ss&amp;ref=as_ss_li_til&amp;ad_type=product_link&amp;tracking_id=mandoisland00-20&amp;marketplace=amazon&amp;region=US&amp;placement=078668657X&amp;asins=078668657X&amp;linkId=7b1da050265637621b182ec835ae5701&amp;show_border=true&amp;link_opens_in_new_window=true\" width=\"300\" height=\"150\" frameborder=\"0\" marginwidth=\"0\" marginheight=\"0\" scrolling=\"no\"><\/iframe><\/p>\n","protected":false},"excerpt":{"rendered":"<p>Choro Songbook 1 &#8211; Almir Chediak Songbook Choro 1 is a compilation of 97 choros which is great to discover the Choro Music of Brazil. I am trying to write a post with a youtube playlist for all 97 choros in this book. This is an ongoing project and will take some time to complete. [&hellip;]<\/p>\n","protected":false},"author":1,"featured_media":7943,"parent":0,"menu_order":0,"comment_status":"closed","ping_status":"closed","template":"","meta":{"site-sidebar-layout":"default","site-content-layout":"","ast-site-content-layout":"","site-content-style":"default","site-sidebar-style":"default","ast-global-header-display":"","ast-banner-title-visibility":"","ast-main-header-display":"","ast-hfb-above-header-display":"","ast-hfb-below-header-display":"","ast-hfb-mobile-header-display":"","site-post-title":"","ast-breadcrumbs-content":"","ast-featured-img":"","footer-sml-layout":"","theme-transparent-header-meta":"","adv-header-id-meta":"","stick-header-meta":"","header-above-stick-meta":"","header-main-stick-meta":"","header-below-stick-meta":"","astra-migrate-meta-layouts":"default","ast-page-background-enabled":"default","ast-page-background-meta":{"desktop":{"background-color":"var(--ast-global-color-4)","background-image":"","background-repeat":"repeat","background-position":"center center","background-size":"auto","background-attachment":"scroll","background-type":"","background-media":"","overlay-type":"","overlay-color":"","overlay-opacity":"","overlay-gradient":""},"tablet":{"background-color":"","background-image":"","background-repeat":"repeat","background-position":"center center","background-size":"auto","background-attachment":"scroll","background-type":"","background-media":"","overlay-type":"","overlay-color":"","overlay-opacity":"","overlay-gradient":""},"mobile":{"background-color":"","background-image":"","background-repeat":"repeat","background-position":"center center","background-size":"auto","background-attachment":"scroll","background-type":"","background-media":"","overlay-type":"","overlay-color":"","overlay-opacity":"","overlay-gradient":""}},"ast-content-background-meta":{"desktop":{"background-color":"var(--ast-global-color-5)","background-image":"","background-repeat":"repeat","background-position":"center center","background-size":"auto","background-attachment":"scroll","background-type":"","background-media":"","overlay-type":"","overlay-color":"","overlay-opacity":"","overlay-gradient":""},"tablet":{"background-color":"var(--ast-global-color-5)","background-image":"","background-repeat":"repeat","background-position":"center center","background-size":"auto","background-attachment":"scroll","background-type":"","background-media":"","overlay-type":"","overlay-color":"","overlay-opacity":"","overlay-gradient":""},"mobile":{"background-color":"var(--ast-global-color-5)","background-image":"","background-repeat":"repeat","background-position":"center center","background-size":"auto","background-attachment":"scroll","background-type":"","background-media":"","overlay-type":"","overlay-color":"","overlay-opacity":"","overlay-gradient":""}},"jetpack_post_was_ever_published":false,"footnotes":""},"class_list":["post-6435","page","type-page","status-publish","has-post-thumbnail","hentry"],"jetpack_shortlink":"https:\/\/wp.me\/PI0be-1FN","jetpack_sharing_enabled":true,"_links":{"self":[{"href":"https:\/\/www.mandoisland.com\/index.php?rest_route=\/wp\/v2\/pages\/6435","targetHints":{"allow":["GET"]}}],"collection":[{"href":"https:\/\/www.mandoisland.com\/index.php?rest_route=\/wp\/v2\/pages"}],"about":[{"href":"https:\/\/www.mandoisland.com\/index.php?rest_route=\/wp\/v2\/types\/page"}],"author":[{"embeddable":true,"href":"https:\/\/www.mandoisland.com\/index.php?rest_route=\/wp\/v2\/users\/1"}],"replies":[{"embeddable":true,"href":"https:\/\/www.mandoisland.com\/index.php?rest_route=%2Fwp%2Fv2%2Fcomments&post=6435"}],"version-history":[{"count":29,"href":"https:\/\/www.mandoisland.com\/index.php?rest_route=\/wp\/v2\/pages\/6435\/revisions"}],"predecessor-version":[{"id":7062,"href":"https:\/\/www.mandoisland.com\/index.php?rest_route=\/wp\/v2\/pages\/6435\/revisions\/7062"}],"wp:featuredmedia":[{"embeddable":true,"href":"https:\/\/www.mandoisland.com\/index.php?rest_route=\/wp\/v2\/media\/7943"}],"wp:attachment":[{"href":"https:\/\/www.mandoisland.com\/index.php?rest_route=%2Fwp%2Fv2%2Fmedia&parent=6435"}],"curies":[{"name":"wp","href":"https:\/\/api.w.org\/{rel}","templated":true}]}}