{"id":1171,"date":"2010-05-23T19:05:33","date_gmt":"2010-05-23T17:05:33","guid":{"rendered":"http:\/\/www.mandoisland.com\/?page_id=1171"},"modified":"2017-08-18T16:30:55","modified_gmt":"2017-08-18T14:30:55","slug":"eurofestival-2010-bruchsal-participants","status":"publish","type":"page","link":"https:\/\/www.mandoisland.com\/?page_id=1171","title":{"rendered":"Eurofestival 2010 Bruchsal &#8211; Participants"},"content":{"rendered":"<p>I have compiled a list of all participants at the Eurofestival 2010 in Bruchsal \/ Germany with links where I found links.<\/p>\n<p>The timetable for this event and more information is available at the Eurofestival blog.<\/p>\n<p>I have also collected the links in my pinboard link collection <strong>eurofestival_2010<\/strong>:<\/p>\n<p><a href=\"http:\/\/pinboard.in\/u:mandoisland\/t:eurofestival_2010\/\" target=\"_blank\" rel=\"noopener noreferrer\">Link Collection Eurofestival 2010<\/a><\/p>\n<p>Information der Stadt Bruchsal mit einigen Bildern und Programmhinweisen:<\/p>\n<p><a href=\"http:\/\/www.bruchsal.org\/story\/weltgr%C3%B6%C3%9Ftes-zupfmusikertreffen-findet-anfang-juni-bruchsal-statt\" target=\"_blank\" rel=\"noopener noreferrer\">http:\/\/www.bruchsal.org\/story\/weltgr%C3%B6%C3%9Ftes-zupfmusikertreffen-findet-anfang-juni-bruchsal-statt<\/a><\/p>\n<p>Pictures from the eurofestival zupfmusik Bruchsal 2010:\u00a0 <a href=\"http:\/\/eurofestival2010.bdz-hessen.de\/?p=338\" target=\"_blank\" rel=\"noopener noreferrer\">http:\/\/eurofestival2010.bdz-hessen.de\/?p=338<\/a><\/p>\n<p>TV-report about the festival: <a href=\"http:\/\/www.landfunker.de\/ktv\/detail.php?rubric=2&amp;nr=20186\" target=\"_blank\" rel=\"noopener noreferrer\">http:\/\/www.landfunker.de\/ktv\/detail.php?rubric=2&amp;nr=20186<\/a><\/p>\n<h4>Participants at the Eurofestival 2010 in Bruchsal<\/h4>\n<ul>\n<li><a href=\"http:\/\/www.youtube.com\/user\/IsraeliPlectrum\" target=\"_blank\" rel=\"noopener noreferrer\">The Israeli Plectrum Orchestra<\/a>, Leitung: Moti Shmitt<\/li>\n<li>Tolkacheva &amp; Ziatdinova &#8211; <a href=\"http:\/\/www.artemandoline.com\/tolkacheva.htm\" target=\"_blank\" rel=\"noopener noreferrer\">Alla Tolkacheva<\/a>, Mandoline, und Dina Ziatdinova, Klavier<\/li>\n<li>Mandolinen\u2010 und Gitarrenorchester <a href=\"http:\/\/www.mandolinata.de\/\" target=\"_blank\" rel=\"noopener noreferrer\">Mandolinata Karlsruhe<\/a>, Leitung: Arnold Sesterheim<\/li>\n<li><a href=\"http:\/\/www.mgo-oetigheim.de\/\" target=\"_blank\" rel=\"noopener noreferrer\">Mandolinen\u2010 und Gitarrenorchester 1924 e. V. \u00d6tigheim<\/a>, Leitung: Arnold Sesterheim<\/li>\n<li><a href=\"http:\/\/www.szo-online.de\/sjzo\/\" target=\"_blank\" rel=\"noopener noreferrer\">Saarl\u00e4ndisches Jugendgitarrenorchester<\/a>, Leitung: Stefan Jenzer<\/li>\n<li>ZORP \u2013 Zupforchester Rheinland\u2010Pfalz, Leitung und Solist: Hartmut Klug<\/li>\n<li><a href=\"http:\/\/www.gitarrenensemble-rheine.de\/\" target=\"_blank\" rel=\"noopener noreferrer\">Gitarrenensemble Rheine<\/a> 1983 e.V., Leitung: Ulrich L. Lausberg<\/li>\n<li><a href=\"http:\/\/www.giocoso.at\/\" target=\"_blank\" rel=\"noopener noreferrer\">Ensemble Giocoso<\/a>, Graz, Leitung: Andreas Pauly<\/li>\n<li>Regional Mandoline en Gitaar Orkest Zwolle, Leitung: Leo van Rutte<\/li>\n<li>HIGHREGISTERORCHESTRA, Leitung: <a href=\"https:\/\/www.jyu.fi\/hum\/laitokset\/musiikki\/henkilokunta\/koskimaki\" target=\"_blank\" rel=\"noopener noreferrer\">Jouni Koskim\u00e4ki<\/a> (Finland)<\/li>\n<li><a href=\"http:\/\/www.myspace.com\/electricchairmandolin\" target=\"_blank\" rel=\"noopener noreferrer\">Electric Chair Orchestra<\/a> (Japan)<\/li>\n<li>Duo <a href=\"http:\/\/www.mikemarshall.net\/\" target=\"_blank\" rel=\"noopener noreferrer\">Mike Marshall<\/a> &amp; <a href=\"http:\/\/www.caterinalichtenberg.com\/\" target=\"_blank\" rel=\"noopener noreferrer\">Caterina Lichtenberg<\/a> (USA\/Deutschland)<\/li>\n<li><a href=\"http:\/\/www.donstiernberg.com\/\" target=\"_blank\" rel=\"noopener noreferrer\">Don Stiernberg<\/a> Trio (Don Stiernberg, Mandoline, Andy Brown, Gitarre, und Jim Cox, Bass) (USA)<\/li>\n<li><a href=\"http:\/\/www.jugendzupforchester.de\/\" target=\"_blank\" rel=\"noopener noreferrer\">Landesjugendzupforchester NRW<\/a>, Leitung: Christian de Witt<\/li>\n<li><a href=\"http:\/\/jzo-bw.de\/\" target=\"_blank\" rel=\"noopener noreferrer\">Jugendzupforchester Baden\u2010W\u00fcrttemberg<\/a> und <a href=\"http:\/\/www.zupfmusik-bw.de\/frameload.htm?refer=http:\/\/www.zupfmusik-bw.de\/orch\/BZO\/BZO.htm\" target=\"_blank\" rel=\"noopener noreferrer\">Badisches Zupforchester<\/a>, Vokalensemble Chorioso Karlsruhe, Leitung: Matthias von Schierstaedt<\/li>\n<li><a href=\"http:\/\/www.thestrings-stein.nl\/\" target=\"_blank\" rel=\"noopener noreferrer\">The Strings<\/a>, Leitung: Annemie Hermans (Niederlande)<\/li>\n<li><a href=\"http:\/\/www.bdz-nrw.de\/framedateien\/lzo.html\" target=\"_blank\" rel=\"noopener noreferrer\">Landeszupforchester NRW<\/a> fidium concentus, Leitung: Mirko Schrader<\/li>\n<li><a href=\"http:\/\/www.wamo.com.au\/\" target=\"_blank\" rel=\"noopener noreferrer\">West Australian Mandolin Orchestra<\/a>, Leitung: Robert Schulz (Australien)<\/li>\n<li><a href=\"http:\/\/www.blzo.de\/\" target=\"_blank\" rel=\"noopener noreferrer\">Bayerisches Landeszupforchester<\/a>, Leitung: Dominik Hackner<\/li>\n<li>Duo Trekel &amp; Tr\u00f6ster, <a href=\"http:\/\/www.steffen-trekel.de\/\" target=\"_blank\" rel=\"noopener noreferrer\">Steffen Trekel<\/a>, Mandoline, und <a href=\"http:\/\/www.michael-troester.de\/\" target=\"_blank\" rel=\"noopener noreferrer\">Michael Tr\u00f6ster<\/a>, Gitarre<\/li>\n<li>D\u00fao Carriazo &amp; Mota, Juli\u00e0n Carriazzo, Mandoline und Bandurria, und Jos\u00e9 Mota, Gitarre<\/li>\n<li><a href=\"http:\/\/www.wolga-virtuosen.de\/\" target=\"_blank\" rel=\"noopener noreferrer\">Wolga Virtuosen<\/a> youtube: <a href=\"http:\/\/www.youtube.com\/user\/wolgavirtuosen\" target=\"_blank\" rel=\"noopener noreferrer\">http:\/\/www.youtube.com\/user\/wolgavirtuosen<\/a><\/li>\n<li>Ensemble ad hoc<\/li>\n<li><a href=\"http:\/\/www.zupf81.de\/\" target=\"_blank\" rel=\"noopener noreferrer\">Zupfensemble `81 Karlsruhe\u2010Durlach<\/a><\/li>\n<li><a href=\"http:\/\/musikschulezwickau.de\/04_ensembles\/ensembles.html\" target=\"_blank\" rel=\"noopener noreferrer\">Ensemble Saitenspiel, Leitung: Annette Schneider<\/a><\/li>\n<li>Ensemble <a href=\"http:\/\/www.mandolinscotland.org\/dacap.html\" target=\"_blank\" rel=\"noopener noreferrer\">Da Capo Alba<\/a>, Leitung: Barbara Pommerenke\u2010Steel (Schottland)<\/li>\n<li><a href=\"http:\/\/www.lzo-nord.de\/\" target=\"_blank\" rel=\"noopener noreferrer\">Landeszupforchester NORD<\/a>, Leitung: Maren Trekel<\/li>\n<li><a href=\"http:\/\/www.szo-online.de\/sjzo\/\" target=\"_blank\" rel=\"noopener noreferrer\">Saarl\u00e4ndisches Jugendzupforchester<\/a>, Leitung: Stefan Jenzer<\/li>\n<li><a href=\"http:\/\/www.mon1924.de\/\" target=\"_blank\" rel=\"noopener noreferrer\">Mandolinenorchester Neuenhain<\/a>, Leitung: Helmut Oesterreich<\/li>\n<li><a href=\"http:\/\/ljzo.bdzsachsen.de\/\" target=\"_blank\" rel=\"noopener noreferrer\">Landesjugendzupforchester Sachsen<\/a>, Leitung: Olga Dubowskaja &#8211; youtube:<\/li>\n<li><a href=\"http:\/\/www.landesmusikrat-brandenburg.de\/LJZO.htm\" target=\"_blank\" rel=\"noopener noreferrer\">Landesjugendzupforchester Berlin\u2010Brandenburg<\/a>, Leitung: Christian Laier<\/li>\n<li><a href=\"http:\/\/www.mandoline.de\/termine.htm\" target=\"_blank\" rel=\"noopener noreferrer\">Duo Napoletana<\/a>, Thekla Mattischeck, Mandoline, und Utz Grimminger, Gitarre<\/li>\n<li><a href=\"http:\/\/www.duogalluccipilato.com\/\" target=\"_blank\" rel=\"noopener noreferrer\">Duo Gallucci &amp; Pilato<\/a>, Fabio Gallucci, Mandoline, und Antonio Pilato, Gitarre<\/li>\n<li>TERPSICHORE DEL NORD, <a href=\"http:\/\/www.kulturentusiastene.no\/modules\/smartclient\/client.php?id=171\" target=\"_blank\" rel=\"noopener noreferrer\">Reidar Edvardsen<\/a> und <a href=\"http:\/\/mandolin.dk\/\" target=\"_blank\" rel=\"noopener noreferrer\">Tove Flensborg<\/a>, Mandoline, Per Graversgaard Hansen, Gitarre<\/li>\n<li><a href=\"http:\/\/www.duo-lorch.com\/duolorch.html\" target=\"_blank\" rel=\"noopener noreferrer\">Ariane Lorch<\/a>, Mandoline &#8211; siehe auch: <a href=\"http:\/\/www.gezupftes.de\/?p=1430\" target=\"_blank\" rel=\"noopener noreferrer\">http:\/\/www.gezupftes.de\/?p=1430<\/a><\/li>\n<li><a href=\"http:\/\/www.duorecuerda.com\/\" target=\"_blank\" rel=\"noopener noreferrer\">Duo Recuerda<\/a>, Jeannette Mozos del Campo, Mandoline und Vicente Mozos del Campo, Gitarre &#8211; myspace: <a href=\"http:\/\/www.myspace.com\/wwwduorecuerdacom\" target=\"_blank\" rel=\"noopener noreferrer\">http:\/\/www.myspace.com\/wwwduorecuerdacom<\/a><\/li>\n<li>Duo Senza basso, <a href=\"http:\/\/www.prakopchyk.de\/\" target=\"_blank\" rel=\"noopener noreferrer\">Katsia Prakopchyk<\/a>, Mandoline, und Roland Faber, Violine<\/li>\n<li>Duo Rendez\u2010vous, Olga Sudakova, Mandoline, und Valeriy Ksenofontov, Gitarre<\/li>\n<li>Duo Magic Strings, Natalja Korsak, Mandoline, und Nikolaj Maretskij, Mandola<\/li>\n<li><a href=\"http:\/\/www.ensembleroggenstein.de\/\" target=\"_blank\" rel=\"noopener noreferrer\">Ensemble Roggenstein<\/a>, Leitung: Oliver K\u00e4lberer<\/li>\n<li><a href=\"http:\/\/www.lzo-bw.de\/\" target=\"_blank\" rel=\"noopener noreferrer\">Landeszitherorchester Baden\u2010W\u00fcrttemberg<\/a>, Leitung: Keith David Harris<\/li>\n<li><a href=\"http:\/\/www.zupfmusik-bw.de\/frameload.htm?refer=http:\/\/www.zupfmusik-bw.de\/orch\/WZO\/WZO.htm\" target=\"_blank\" rel=\"noopener noreferrer\">W\u00fcrttembergisches Zupforchester<\/a>, Leitung: Wolfgang Bast<\/li>\n<li><a href=\"http:\/\/www.jgo-bw.de\/\" target=\"_blank\" rel=\"noopener noreferrer\">Jugendgitarrenorchester Baden\u2010W\u00fcrttemberg<\/a>, Leitung: Helmut Oesterreich, Christian Wernicke<\/li>\n<li><a href=\"http:\/\/www.zupfmusik-bw.de\/frameload.htm?refer=http:\/\/www.zupfmusik-bw.de\/orch\/BZO\/BZO.htm\" target=\"_blank\" rel=\"noopener noreferrer\">Badisches Zupforchester<\/a>, Leitung: Arnold Sesterheim<\/li>\n<li><a href=\"http:\/\/jzo-bw.de\/\" target=\"_blank\" rel=\"noopener noreferrer\">Jugendzupforchester Baden\u2010W\u00fcrttemberg<\/a>, Leitung: Christian Wernicke<\/li>\n<li>Capella dei Leutini, Leitung: Caterina Lichtenberg<\/li>\n<li><a href=\"http:\/\/www.myspace.com\/markandbeverlydavis\" target=\"_blank\" rel=\"noopener noreferrer\">Duo Mark und Beverly Davis<\/a>, Gitarren<\/li>\n<li>Trio Aonzo, Spath &amp; Buttiero, <a href=\"http:\/\/www.myspace.com\/sabinespath\" target=\"_blank\" rel=\"noopener noreferrer\">Carlo Aonzo<\/a> und <a href=\"http:\/\/www.myspace.com\/sabinespath\" target=\"_blank\" rel=\"noopener noreferrer\">Sabine Spath<\/a>, Mandoline, und Elena Buttiero, Spinett und Cembalo<\/li>\n<li>Tang Hua, Pipa<\/li>\n<li><a href=\"http:\/\/www.ramos-schneider.ch\/\" target=\"_blank\" rel=\"noopener noreferrer\">Duo Ramos &amp; Schneider<\/a>, Violeta Ramos, Harfe, und Richard Schneider, Gitarre<\/li>\n<li>Duo Weyhofen &amp; Van Gonnissen, <a href=\"http:\/\/www.kassel.de\/miniwebs\/musikakademie\/03333\/\" target=\"_blank\" rel=\"noopener noreferrer\">Gertrud Weyhofen<\/a>, Mandoline, und <a href=\"http:\/\/www.vangonnissen.de\/\" target=\"_blank\" rel=\"noopener noreferrer\">Olaf Van Gonnissen<\/a>, Gitarre<\/li>\n<li>Zupforchester (ZO), Gitarrenquartett (ESGQ), Gesangsquartett (GQ) und Erz\u00e4hler der<br \/>\nSt\u00e4dtischen Musikschule Esslingen<\/li>\n<li><a href=\"http:\/\/www.wiesenekker.com\/\" target=\"_blank\" rel=\"noopener noreferrer\">Amsterdams Gitaar &amp; Mandoline Duo<\/a>, Marijke Wiesenekker, Mandoline und Michiel Wiesenekker, Gitarre<\/li>\n<li><a href=\"http:\/\/www.mandolinenverein-eichsfeldia.de\/\" target=\"_blank\" rel=\"noopener noreferrer\">Eichsfeldia Struth<\/a>, Leitung: Michael Tasch<\/li>\n<li><a href=\"http:\/\/www.heavyclassic.de\/\" target=\"_blank\" rel=\"noopener noreferrer\">Malte Vief<\/a>, Gitarre<\/li>\n<li><a href=\"http:\/\/www.myspace.com\/ertankurt\" target=\"_blank\" rel=\"noopener noreferrer\">Ertan Kur<\/a>t, Baglama solo<\/li>\n<li>Preistr\u00e4ger\u2010Ensemble Jugend musiziert 2010<\/li>\n<li>Stradoc Baglama Quartet<\/li>\n<li>Duo Shibata &amp; Laier, Takaaki Shibata, Mandoline und Christian Laier, Gitarre<\/li>\n<li><a href=\"http:\/\/zupfi.beepworld.de\/\" target=\"_blank\" rel=\"noopener noreferrer\">Zupforchester Friedrichweiler<\/a>, Leitung: Annerose H\u00fcmbert<\/li>\n<li><a href=\"http:\/\/www.mgo-empelde.de\/\" target=\"_blank\" rel=\"noopener noreferrer\">Mandolinen\u2010 und Gitarrenorchester Empelde<\/a>, Leitung: Friedrich Engelmann<\/li>\n<li>Zupforchester und Zupforchester \u203aZirlibo\u2039 des <a href=\"http:\/\/musikschulezwickau.de\/04_ensembles\/ensembles.html\" target=\"_blank\" rel=\"noopener noreferrer\">Robert\u2013Schumann\u2013Konservatoriums<\/a> Zwickau, Leitung: Annette Schneider<\/li>\n<li>Kataoka\u2010Ensemble, Leitung: <a href=\"http:\/\/de.wikipedia.org\/wiki\/Takashi_Ochi\" target=\"_blank\" rel=\"noopener noreferrer\">Takashi Ochi<\/a>, Makoto Sakurai<\/li>\n<li><a href=\"http:\/\/www.landesmusikrat-berlin.de\/Landeszupforchester.84.0.html\" target=\"_blank\" rel=\"noopener noreferrer\">Landeszupforchester Berlin<\/a>, Leitung: Jo\u00ebl Betton<\/li>\n<li>Duo Flutino, <a href=\"http:\/\/www.meike-licht.de\/partnerin.html\" target=\"_blank\" rel=\"noopener noreferrer\">Franziska Russin<\/a>, Mandoline, und Sarah Liebknecht, Querfl\u00f6te<\/li>\n<li>Duo Beneduce &amp; Natale, Andrea Beneduce und <a href=\"http:\/\/www.orchestrapopolarecasertana.it\/Imusicisti\/LucaNatale\/tabid\/106\/language\/it-IT\/Default.aspx\" target=\"_blank\" rel=\"noopener noreferrer\">Luca Natale<\/a>, Mandoline<\/li>\n<li><a href=\"http:\/\/arte-izquierda.de\/\" target=\"_blank\" rel=\"noopener noreferrer\">Arte Izquierda<\/a>, Florian Salzmann, Mandoline, und Christopher Esch, Gitarre<\/li>\n<li>Nieders\u00e4chsisches Landeszupforchester, Leitung: Ulrich Beck<\/li>\n<li><a href=\"http:\/\/zupforchester-friedrichsthal.beepworld.de\/\" target=\"_blank\" rel=\"noopener noreferrer\">Zupforchester der Naturfreunde Friedrichsthal e.V<\/a>., Leitung: Raimund Schwamberger<\/li>\n<li>Teilnehmerjugendorchester\/ Participants\u2019 Youth Orchestra, Leitung: Dieter Kreidler<\/li>\n<li>Junge Gitarristen e.V. Bruchsal, Leitung: Ulyka Wagner<\/li>\n<li><a href=\"http:\/\/www.szo-online.de\/szo\/\" target=\"_blank\" rel=\"noopener noreferrer\">Saarl\u00e4ndisches Zupforchester<\/a>, Leitung: Reiner Stutz<\/li>\n<li><a href=\"http:\/\/www.mzoweb.de\/\" target=\"_blank\" rel=\"noopener noreferrer\">M\u00fclheimer Zupforchester<\/a>, Leitung: Dominik Hackner &#8211; <a href=\"http:\/\/www.youtube.com\/user\/MZOWEB\" target=\"_blank\" rel=\"noopener noreferrer\">youtube<\/a><\/li>\n<li><a href=\"http:\/\/www.hzo.de\/\" target=\"_blank\" rel=\"noopener noreferrer\">Hessisches Zupforchester<\/a>, Leitung: <a href=\"http:\/\/www.ok-music.de\/\" target=\"_blank\" rel=\"noopener noreferrer\">Oliver K\u00e4lberer<\/a><\/li>\n<li>Kubota Philomandolinen Orchester, Leitung: Takashi Kubota &#8211; <a href=\"http:\/\/apps.facebook.com\/ilike\/artist\/Kubota+Philomandolinen+Orchester\" target=\"_blank\" rel=\"noopener noreferrer\">Facebook<\/a><\/li>\n<li>Austrian Cecilia Ensemble, Leitung: Keith David Harris<\/li>\n<li>Mandolinenorchester Sanctus Domnio, Split, Leitung: Vladimir Lukas<\/li>\n<li>Zitherensemble Multichord, Leitung: Ilse Bauer\u2010Zwonar<\/li>\n<li><a href=\"http:\/\/www.gitarrenensemblesaarbr\u00fccken.de\/\" target=\"_blank\" rel=\"noopener noreferrer\">Gitarrenensemble Saarbr\u00fccken<\/a>, Leitung: Frank Br\u00fcckner<\/li>\n<li>Duo Forg\u00e1ch &amp; Szilv\u00e1gyi, P\u00e9ter Forg\u00e1ch, Mandoline, und S\u00e1ndor Szilv\u00e1gyi, Gitarre<\/li>\n<li><a href=\"http:\/\/www.stephenlalor.com\/\" target=\"_blank\" rel=\"noopener noreferrer\">Stephen Lalor<\/a>, Mandoline<\/li>\n<li>Ayako Yokota, Mandoline<\/li>\n<li><a href=\"http:\/\/www.guitarfoundation.de\/german\/aktuelles\/gitarren_ensemble.htm\" target=\"_blank\" rel=\"noopener noreferrer\">Neues M\u00fcnchner Gitarrenensemble<\/a>, <a href=\"http:\/\/www.stevens-gitarre.de\/\" target=\"_blank\" rel=\"noopener noreferrer\">Andreas Stevens<\/a>, Ute Koch, Michael Koch, Michael Andreas Haas<\/li>\n<li>Ensemble Ascolto, Sonja Wiedemer, Mandoline, Christian Wernicke, Gitarre, und Laima Bach, Harfe.<\/li>\n<li>Antipodean Ensemble<\/li>\n<\/ul>\n<p>Exhibition:<\/p>\n<ul>\n<li><a href=\"http:\/\/www.trekel.de\" target=\"_blank\" rel=\"noopener noreferrer\">Trekel Verlag<\/a><\/li>\n<li><a href=\"http:\/\/n-a-g.info\/\" target=\"_blank\" rel=\"noopener noreferrer\">New Acoustic Gallery<\/a>, Oliver Waitze<\/li>\n<li><a href=\"http:\/\/www.dofra.de\/\" target=\"_blank\" rel=\"noopener noreferrer\">Franz Dotzauer<\/a><\/li>\n<li><a href=\"http:\/\/www.woll-mandolinen.de\/\" target=\"_blank\" rel=\"noopener noreferrer\">Alfred Woll<\/a><\/li>\n<li><a href=\"http:\/\/www.knorr-mandolinen.de\/\" target=\"_blank\" rel=\"noopener noreferrer\">Klaus Knorr<\/a><\/li>\n<li><a href=\"http:\/\/www.urs-langenbacher.de\/\" target=\"_blank\" rel=\"noopener noreferrer\">Urs Langenbacher<\/a><\/li>\n<li><a href=\"http:\/\/www.newacousticgallery.com\/\" target=\"_blank\" rel=\"noopener noreferrer\">New Acoustic Gallery<\/a><\/li>\n<li><a href=\"http:\/\/mariovorraro.wordpress.com\/\" target=\"_blank\" rel=\"noopener noreferrer\">Mario Vorraro (Neapel) <\/a><\/li>\n<li><a href=\"http:\/\/www.edition49.de\" target=\"_blank\" rel=\"noopener noreferrer\">Edition 49<\/a> (Borris Bagger)<\/li>\n<li><a href=\"http:\/\/www.gabrielepandini.it\/\" target=\"_blank\" rel=\"noopener noreferrer\">Gabriele Pandini<\/a>, Ferrara<\/li>\n<li><a href=\"http:\/\/www.diemusikwerkstatt.de\/\" target=\"_blank\" rel=\"noopener noreferrer\">Heidi Ritter<\/a><\/li>\n<li><a href=\"http:\/\/www.gropp-gitarren.de\/\" target=\"_blank\" rel=\"noopener noreferrer\">Armin und Mario Gropp<\/a><\/li>\n<li><a href=\"http:\/\/www.hopfgitarren.de\/\" target=\"_blank\" rel=\"noopener noreferrer\">Dieter Hopf<\/a><\/li>\n<li><a href=\"http:\/\/www.gitarre-laute.de\/\" target=\"_blank\" rel=\"noopener noreferrer\">Frank-Peter Dietrich<\/a><\/li>\n<li><a href=\"http:\/\/www.graefe-gitarren.de\/\" target=\"_blank\" rel=\"noopener noreferrer\">Hermann Gr\u00e4fe<\/a><\/li>\n<li><a href=\"http:\/\/www.guriema.de\/\" target=\"_blank\" rel=\"noopener noreferrer\">Guriema<\/a>, Volker Riedel<\/li>\n<li><a href=\"http:\/\/www.musikverlag-burger.de\/\" target=\"_blank\" rel=\"noopener noreferrer\">Harald Burger<\/a> Musikverlag<\/li>\n<li><a href=\"http:\/\/www.roland-ganz-verlag.de\/\" target=\"_blank\" rel=\"noopener noreferrer\">Roland Ganz<\/a>, Musikverlag<\/li>\n<li>J\u00fcrgen <a href=\"http:\/\/www.musikversand-thiergaertner.de\/\" target=\"_blank\" rel=\"noopener noreferrer\">Thierg\u00e4rtner<\/a><\/li>\n<li><a href=\"http:\/\/www.albert-mueller.de\/\" target=\"_blank\" rel=\"noopener noreferrer\">Albert &amp; M\u00fcller<\/a><\/li>\n<li><a href=\"http:\/\/doderer-gitarren.de\/\" target=\"_blank\" rel=\"noopener noreferrer\">Henning Doderer<\/a><\/li>\n<\/ul>\n","protected":false},"excerpt":{"rendered":"<p>I have compiled a list of all participants at the Eurofestival 2010 in Bruchsal \/ Germany with links where I found links. The timetable for this event and more information is available at the Eurofestival blog. I have also collected the links in my pinboard link collection eurofestival_2010: Link Collection Eurofestival 2010 Information der Stadt [&hellip;]<\/p>\n","protected":false},"author":1,"featured_media":7325,"parent":0,"menu_order":0,"comment_status":"open","ping_status":"open","template":"","meta":{"site-sidebar-layout":"default","site-content-layout":"","ast-site-content-layout":"","site-content-style":"default","site-sidebar-style":"default","ast-global-header-display":"","ast-banner-title-visibility":"","ast-main-header-display":"","ast-hfb-above-header-display":"","ast-hfb-below-header-display":"","ast-hfb-mobile-header-display":"","site-post-title":"","ast-breadcrumbs-content":"","ast-featured-img":"","footer-sml-layout":"","theme-transparent-header-meta":"","adv-header-id-meta":"","stick-header-meta":"","header-above-stick-meta":"","header-main-stick-meta":"","header-below-stick-meta":"","astra-migrate-meta-layouts":"default","ast-page-background-enabled":"default","ast-page-background-meta":{"desktop":{"background-color":"var(--ast-global-color-4)","background-image":"","background-repeat":"repeat","background-position":"center center","background-size":"auto","background-attachment":"scroll","background-type":"","background-media":"","overlay-type":"","overlay-color":"","overlay-opacity":"","overlay-gradient":""},"tablet":{"background-color":"","background-image":"","background-repeat":"repeat","background-position":"center center","background-size":"auto","background-attachment":"scroll","background-type":"","background-media":"","overlay-type":"","overlay-color":"","overlay-opacity":"","overlay-gradient":""},"mobile":{"background-color":"","background-image":"","background-repeat":"repeat","background-position":"center center","background-size":"auto","background-attachment":"scroll","background-type":"","background-media":"","overlay-type":"","overlay-color":"","overlay-opacity":"","overlay-gradient":""}},"ast-content-background-meta":{"desktop":{"background-color":"var(--ast-global-color-5)","background-image":"","background-repeat":"repeat","background-position":"center center","background-size":"auto","background-attachment":"scroll","background-type":"","background-media":"","overlay-type":"","overlay-color":"","overlay-opacity":"","overlay-gradient":""},"tablet":{"background-color":"var(--ast-global-color-5)","background-image":"","background-repeat":"repeat","background-position":"center center","background-size":"auto","background-attachment":"scroll","background-type":"","background-media":"","overlay-type":"","overlay-color":"","overlay-opacity":"","overlay-gradient":""},"mobile":{"background-color":"var(--ast-global-color-5)","background-image":"","background-repeat":"repeat","background-position":"center center","background-size":"auto","background-attachment":"scroll","background-type":"","background-media":"","overlay-type":"","overlay-color":"","overlay-opacity":"","overlay-gradient":""}},"jetpack_post_was_ever_published":false,"footnotes":""},"class_list":["post-1171","page","type-page","status-publish","has-post-thumbnail","hentry"],"jetpack_shortlink":"https:\/\/wp.me\/PI0be-iT","jetpack_sharing_enabled":true,"_links":{"self":[{"href":"https:\/\/www.mandoisland.com\/index.php?rest_route=\/wp\/v2\/pages\/1171","targetHints":{"allow":["GET"]}}],"collection":[{"href":"https:\/\/www.mandoisland.com\/index.php?rest_route=\/wp\/v2\/pages"}],"about":[{"href":"https:\/\/www.mandoisland.com\/index.php?rest_route=\/wp\/v2\/types\/page"}],"author":[{"embeddable":true,"href":"https:\/\/www.mandoisland.com\/index.php?rest_route=\/wp\/v2\/users\/1"}],"replies":[{"embeddable":true,"href":"https:\/\/www.mandoisland.com\/index.php?rest_route=%2Fwp%2Fv2%2Fcomments&post=1171"}],"version-history":[{"count":14,"href":"https:\/\/www.mandoisland.com\/index.php?rest_route=\/wp\/v2\/pages\/1171\/revisions"}],"predecessor-version":[{"id":7327,"href":"https:\/\/www.mandoisland.com\/index.php?rest_route=\/wp\/v2\/pages\/1171\/revisions\/7327"}],"wp:featuredmedia":[{"embeddable":true,"href":"https:\/\/www.mandoisland.com\/index.php?rest_route=\/wp\/v2\/media\/7325"}],"wp:attachment":[{"href":"https:\/\/www.mandoisland.com\/index.php?rest_route=%2Fwp%2Fv2%2Fmedia&parent=1171"}],"curies":[{"name":"wp","href":"https:\/\/api.w.org\/{rel}","templated":true}]}}